{"id":11,"date":"2025-11-09T14:29:03","date_gmt":"2025-11-09T14:29:03","guid":{"rendered":"https:\/\/reflexologie-bzh.fr\/?page_id=11"},"modified":"2026-03-14T09:50:33","modified_gmt":"2026-03-14T08:50:33","slug":"blog","status":"publish","type":"page","link":"https:\/\/reflexologie-bzh.fr\/index.php\/blog\/","title":{"rendered":"Blog"},"content":{"rendered":"\n<figure class=\"wp-block-embed is-type-wp-embed is-provider-mamzelle-laura wp-block-embed-mamzelle-laura\"><div class=\"wp-block-embed__wrapper\">\n<blockquote class=\"wp-embedded-content\" data-secret=\"c4rUAXTerc\"><a href=\"https:\/\/mamzellelaura.fr\/reflexologie-plantaire-rennes\">J&rsquo;ai test\u00e9 : une s\u00e9ance de r\u00e9flexologie plantaire<\/a><\/blockquote><iframe loading=\"lazy\" class=\"wp-embedded-content\" sandbox=\"allow-scripts\" security=\"restricted\" style=\"position: absolute; visibility: hidden;\" title=\"\u00ab\u00a0J&rsquo;ai test\u00e9 : une s\u00e9ance de r\u00e9flexologie plantaire\u00a0\u00bb &#8212; Mamzelle Laura\" src=\"https:\/\/mamzellelaura.fr\/reflexologie-plantaire-rennes\/embed#?secret=BRylN1hTM3#?secret=c4rUAXTerc\" data-secret=\"c4rUAXTerc\" width=\"600\" height=\"338\" frameborder=\"0\" marginwidth=\"0\" marginheight=\"0\" scrolling=\"no\"><\/iframe>\n<\/div><\/figure>\n\n\n<p><iframe loading=\"lazy\" src=\"https:\/\/www.facebook.com\/plugins\/post.php?href=https%3A%2F%2Fwww.facebook.com%2Fgaelle.andre.792%2Fposts%2Fpfbid02FLCqcBnT3gpSG4bdYxit7ZThT6WkCKaBDiGgf97hxk5kAWDPtKVWmasMgGcW4Mpil&#038;show_text=true&#038;width=500\" width=\"500\" height=\"654\" style=\"border:none;overflow:hidden\" scrolling=\"no\" frameborder=\"0\" allowfullscreen=\"true\" allow=\"autoplay; clipboard-write; encrypted-media; picture-in-picture; web-share\"><\/iframe><\/p>\n\n\n<p><iframe loading=\"lazy\" src=\"https:\/\/www.linkedin.com\/embed\/feed\/update\/urn:li:share:7392527834893950976?collapsed=1\" height=\"547\" width=\"504\" frameborder=\"0\" allowfullscreen=\"\" title=\"Post int\u00e9gr\u00e9\"><\/iframe><\/p>\n\n\n\n<hr class=\"wp-block-separator has-alpha-channel-opacity\"\/>\n\n\n\n<pre class=\"wp-block-code has-background-color has-background-background-color has-text-color has-background has-link-color wp-elements-b7c4676d6142b71d04b9fa44d5649129\"><code>   Hypnose \u2013 hypnoth\u00e9rapeute - hypnoth\u00e9rapie \u2013 hypnotiseur - hypnose arr\u00eat tabac hypnose perte de poids -hypnose compulsions alimentaires- hypnose troubles alimentaires - hypnose douleur -hypnose maigrir - hypnose stress - hypnose anxi\u00e9t\u00e9 - hypnose sommeil - hypnose insomnie - hypnose phobie  - r\u00e9flexologie plantaire \u2013 r\u00e9flexologie fascial et cr\u00e2ninienne \u2013 r\u00e9flexologue - m\u00e9decine douce - th\u00e9rapie naturelle - hypnose ericksonienne - s\u00e9ance hypnose - cabinet d\u2019hypnose - hypnose confiance en soi - hypnose addiction -r\u00e9flexologie bien-\u00eatre - cabinet de r\u00e9flexologie \u2013 soin de support - relaxoth\u00e9rapeute\n   oncologie - hypnoth\u00e9rapeute Montgerval, La M\u00e9zi\u00e8re, Pac\u00e9, Montgermont, G\u00e9vez\u00e9, La Chapelle des Fougeretz, Saint-Gr\u00e9goire, Rennes, Romill\u00e9, Clayes, Saint-gilles, Vignoc, Melesse, Betton, Irodouer, B\u00e9d\u00e9e, Pleumeleuc, H\u00e9d\u00e9\n   hypnose Montgerval, La M\u00e9zi\u00e8re, Pac\u00e9, Montgermont, G\u00e9vez\u00e9, La Chapelle des Fougeretz, Saint-Gr\u00e9goire, Rennes, Romill\u00e9, Clayes, Saint-gilles, Vignoc, Melesse, Betton, Irodouer, B\u00e9d\u00e9e, Pleumeleuc, H\u00e9d\u00e9\n   hypnotiseur Montgerval, La M\u00e9zi\u00e8re, Pac\u00e9, Montgermont, G\u00e9vez\u00e9, La Chapelle des Fougeretz, Saint-Gr\u00e9goire, Rennes, Romill\u00e9, Clayes, Saint-gilles, Vignoc, Melesse, Betton, Irodouer, B\u00e9d\u00e9e, Pleumeleuc, H\u00e9d\u00e9\n   cabinet hypnose Montgerval, La M\u00e9zi\u00e8re, Pac\u00e9, Montgermont, G\u00e9vez\u00e9, La Chapelle des Fougeretz, Saint-Gr\u00e9goire, Rennes, Romill\u00e9, Clayes, Saint-gilles, Vignoc, Melesse, Betton, Irodouer, B\u00e9d\u00e9e, Pleumeleuc, H\u00e9d\u00e9\n   r\u00e9flexologue Montgerval, La M\u00e9zi\u00e8re, Pac\u00e9, Montgermont, G\u00e9vez\u00e9, La Chapelle des Fougeretz, Saint-Gr\u00e9goire, Rennes, Romill\u00e9, Clayes, Saint-gilles, Vignoc, Melesse, Betton, Irodouer, B\u00e9d\u00e9e, Pleumeleuc, H\u00e9d\u00e9\n   r\u00e9flexologie plantaire Montgerval, La M\u00e9zi\u00e8re, Pac\u00e9, Montgermont, G\u00e9vez\u00e9, La Chapelle des Fougeretz, Saint-Gr\u00e9goire, Rennes, Romill\u00e9, Clayes, Saint-gilles, Vignoc, Melesse, Betton, Irodouer, B\u00e9d\u00e9e, Pleumeleuc, H\u00e9d\u00e9\n   cabinet de r\u00e9flexologie Montgerval, La M\u00e9zi\u00e8re, Pac\u00e9, Montgermont, G\u00e9vez\u00e9, La Chapelle des Fougeretz, Saint-Gr\u00e9goire, Rennes, Romill\u00e9, Clayes, Saint-gilles, Vignoc, Melesse, Betton, Irodouer, B\u00e9d\u00e9e, Pleumeleuc, H\u00e9d\u00e9\n   s\u00e9ance hypnose Montgerval, La M\u00e9zi\u00e8re, Pac\u00e9, Montgermont, G\u00e9vez\u00e9, La Chapelle des Fougeretz, Saint-Gr\u00e9goire, Rennes, Romill\u00e9, Clayes, Saint-gilles, Vignoc, Melesse, Betton, Irodouer, B\u00e9d\u00e9e, Pleumeleuc, H\u00e9d\u00e9\n   hypnose stress Montgerval, La M\u00e9zi\u00e8re, Pac\u00e9, Montgermont, G\u00e9vez\u00e9, La Chapelle des Fougeretz, Saint-Gr\u00e9goire, Rennes, Romill\u00e9, Clayes, Saint-gilles, Vignoc, Melesse, Betton, Irodouer, B\u00e9d\u00e9e, Pleumeleuc, H\u00e9d\u00e9\n   hypnose arr\u00eat tabac Montgerval, La M\u00e9zi\u00e8re, Pac\u00e9, Montgermont, G\u00e9vez\u00e9, La Chapelle des Fougeretz, Saint-Gr\u00e9goire, Rennes, Romill\u00e9, Clayes, Saint-gilles, Vignoc, Melesse, Betton, Irodouer, B\u00e9d\u00e9e, Pleumeleuc, H\u00e9d\u00e9\n   hypnose perte de poids Montgerval, La M\u00e9zi\u00e8re, Pac\u00e9, Montgermont, G\u00e9vez\u00e9, La Chapelle des Fougeretz, Saint-Gr\u00e9goire, Rennes, Romill\u00e9, Clayes, Saint-gilles, Vignoc, Melesse, Betton, Irodouer, B\u00e9d\u00e9e, Pleumeleuc, H\u00e9d\u00e9 - r\u00e9flexologie d\u00e9tente Montgerval, La M\u00e9zi\u00e8re, Pac\u00e9, Montgermont, G\u00e9vez\u00e9, La Chapelle des Fougeretz, Saint-Gr\u00e9goire, Rennes, Romill\u00e9, Clayes, Saint-gilles, Vignoc, Melesse, Betton, Irodouer, B\u00e9d\u00e9e, Pleumeleuc, H\u00e9d\u00e9\n   r\u00e9flexologie stress Montgerval, La M\u00e9zi\u00e8re, Pac\u00e9, Montgermont, G\u00e9vez\u00e9, La Chapelle des Fougeretz, Saint-Gr\u00e9goire, Rennes, Romill\u00e9, Clayes, Saint-gilles, Vignoc, Melesse, Betton, Irodouer, B\u00e9d\u00e9e, Pleumeleuc, H\u00e9d\u00e9 - hypnose sommeil Montgerval, La M\u00e9zi\u00e8re, Pac\u00e9, Montgermont, G\u00e9vez\u00e9, La Chapelle des Fougeretz, Saint-Gr\u00e9goire, Rennes, Romill\u00e9, Clayes, Saint-gilles, Vignoc, Melesse, Betton, Irodouer, B\u00e9d\u00e9e, Pleumeleuc, H\u00e9d\u00e9 - hypnose anxi\u00e9t\u00e9 Montgerval, La M\u00e9zi\u00e8re, Pac\u00e9, Montgermont, G\u00e9vez\u00e9, La Chapelle des Fougeretz, Saint-Gr\u00e9goire, Rennes, Romill\u00e9, Clayes, Saint-gilles, Vignoc, Melesse, Betton, Irodouer, B\u00e9d\u00e9e, Pleumeleuc, H\u00e9d\u00e9 - hypnose confiance en soi Montgerval, La M\u00e9zi\u00e8re, Pac\u00e9, Montgermont, G\u00e9vez\u00e9, La Chapelle des Fougeretz, Saint-Gr\u00e9goire, Rennes, Romill\u00e9, Clayes, Saint-gilles, Vignoc, Melesse, Betton, Irodouer, B\u00e9d\u00e9e, Pleumeleuc, H\u00e9d\u00e9 - hypnose pour arr\u00eater de fumer - hypnose pour g\u00e9rer le stress - hypnose pour dormir mieux- hypnose pour confiance en soi - hypnose pour phobie - hypnose pour anxi\u00e9t\u00e9 - hypnose pour maigrir - r\u00e9flexologie pour stress - r\u00e9flexologie pour sommeil - r\u00e9flexologie pour digestion - hypnose gestion \u00e9motions - hypnose l\u00e2cher prise - hypnose traumatisme - emdr - th\u00e9rapie stress \u2013 drainage lymphatique - s\u00e9ance hypnose relaxation- r\u00e9flexologie d\u00e9tente - r\u00e9flexologie relaxation\n\n  hypnoth\u00e9rapeute stress Montgerval, La M\u00e9zi\u00e8re, Pac\u00e9, Montgermont, G\u00e9vez\u00e9, La Chapelle des Fougeretz, Saint-Gr\u00e9goire, Rennes, Romill\u00e9, Clayes, Saint-gilles, Vignoc, Melesse, Betton, Irodouer, B\u00e9d\u00e9e, Pleumeleuc, H\u00e9d\u00e9\n  hypnose arr\u00eat tabac Montgerval, La M\u00e9zi\u00e8re, Pac\u00e9, Montgermont, G\u00e9vez\u00e9, La Chapelle des Fougeretz, Saint-Gr\u00e9goire, Rennes, Romill\u00e9, Clayes, Saint-gilles, Vignoc, Melesse, Betton, Irodouer, B\u00e9d\u00e9e, Pleumeleuc, H\u00e9d\u00e9\n  r\u00e9flexologie plantaire Montgerval, La M\u00e9zi\u00e8re, Pac\u00e9, Montgermont, G\u00e9vez\u00e9, La Chapelle des Fougeretz, Saint-Gr\u00e9goire, Rennes, Romill\u00e9, Clayes, Saint-gilles, Vignoc, Melesse, Betton, Irodouer, B\u00e9d\u00e9e, Pleumeleuc, H\u00e9d\u00e9\n  hypnose sommeil Montgerval, La M\u00e9zi\u00e8re, Pac\u00e9, Montgermont, G\u00e9vez\u00e9, La Chapelle des Fougeretz, Saint-Gr\u00e9goire, Rennes, Romill\u00e9, Clayes, Saint-gilles, Vignoc, Melesse, Betton, Irodouer, B\u00e9d\u00e9e, Pleumeleuc, H\u00e9d\u00e9<\/code><\/pre>\n\n\n\n<pre class=\"wp-block-code\"><code><\/code><\/pre>\n","protected":false},"excerpt":{"rendered":"","protected":false},"author":1,"featured_media":14,"parent":0,"menu_order":0,"comment_status":"closed","ping_status":"closed","template":"","meta":{"footnotes":""},"class_list":["post-11","page","type-page","status-publish","has-post-thumbnail","hentry"],"_links":{"self":[{"href":"https:\/\/reflexologie-bzh.fr\/index.php\/wp-json\/wp\/v2\/pages\/11","targetHints":{"allow":["GET"]}}],"collection":[{"href":"https:\/\/reflexologie-bzh.fr\/index.php\/wp-json\/wp\/v2\/pages"}],"about":[{"href":"https:\/\/reflexologie-bzh.fr\/index.php\/wp-json\/wp\/v2\/types\/page"}],"author":[{"embeddable":true,"href":"https:\/\/reflexologie-bzh.fr\/index.php\/wp-json\/wp\/v2\/users\/1"}],"replies":[{"embeddable":true,"href":"https:\/\/reflexologie-bzh.fr\/index.php\/wp-json\/wp\/v2\/comments?post=11"}],"version-history":[{"count":18,"href":"https:\/\/reflexologie-bzh.fr\/index.php\/wp-json\/wp\/v2\/pages\/11\/revisions"}],"predecessor-version":[{"id":233,"href":"https:\/\/reflexologie-bzh.fr\/index.php\/wp-json\/wp\/v2\/pages\/11\/revisions\/233"}],"wp:featuredmedia":[{"embeddable":true,"href":"https:\/\/reflexologie-bzh.fr\/index.php\/wp-json\/wp\/v2\/media\/14"}],"wp:attachment":[{"href":"https:\/\/reflexologie-bzh.fr\/index.php\/wp-json\/wp\/v2\/media?parent=11"}],"curies":[{"name":"wp","href":"https:\/\/api.w.org\/{rel}","templated":true}]}}