{"id":129,"date":"2025-11-09T19:02:24","date_gmt":"2025-11-09T18:02:24","guid":{"rendered":"https:\/\/reflexologie-bzh.fr\/?page_id=129"},"modified":"2025-11-09T19:02:24","modified_gmt":"2025-11-09T18:02:24","slug":"mentions-legales","status":"publish","type":"page","link":"https:\/\/reflexologie-bzh.fr\/index.php\/mentions-legales\/","title":{"rendered":"Mentions L\u00e9gales"},"content":{"rendered":"\n<p>La consultation de ce site internet suppose l\u2019acceptation sans r\u00e9serve des pr\u00e9sentes conditions d\u2019utilisation.<\/p>\n\n\n\n<h2 class=\"wp-block-heading\"><strong>IDENTIFICATION DE L&rsquo;\u00c9DITEUR DU SITE\u00a0<\/strong><\/h2>\n\n\n\n<p>Raison sociale : Ga\u00eblle ANDRE \u2013 Reflexologue plantaire certifi\u00e9e\u00a0<br>Adresse Postale : 33 bis Rue de la Mettrie &#8211; 35850 ROMILLE\u00a0<br>T\u00e9l\u00e9phone : 06 65 41 30 18<br>Adresse web : http:\/\/www.reflexologie-bzh.fr<br>Adresse \u00e9lectronique (E-Mail) : contact@reflexologie-bzh.fr<br>Siret : 530 876 416 00054\u00a0 \u00a0 \u00a0 \u00a0 \u00a0 \u00a0 \u00a0 \u00a0 \u00a0 \u00a0 \u00a0 \u00a0 \u00a0 \u00a0 \u00a0 \u00a0 \u00a0 \u00a0 \u00a0 \u00a0 \u00a0 \u00a0 \u00a0 \u00a0 \u00a0 \u00a0 \u00a0 \u00a0 \u00a0 \u00a0 \u00a0 \u00a0\u00a0<\/p>\n\n\n\n<h2 class=\"wp-block-heading\"><strong>LE SITE EST D\u00c9VELOPP\u00c9 ET MAINTENU PAR<\/strong><\/h2>\n\n\n\n<p>Webmaster \/ R\u00e9f\u00e9renceur : Ga\u00eblle ANDRE<br>Adresse Postale : 33 bis rue de la Mettrie &#8211; 35850 ROMILLE<br>Adresse \u00e9lectronique (E-Mail) : contact@reflexologie-bzh.fr<\/p>\n\n\n\n<h2 class=\"wp-block-heading\">LE SITE <strong>EST H\u00c9BERG\u00c9 EN FRANCE SUR LES SERVEURS DE LA SOCI\u00c9T\u00c9 <\/strong>\u00a0<\/h2>\n\n\n\n<p>H\u00e9bergeur : OVH \u00a0&#8211;\u00a0Soci\u00e9t\u00e9 : OVH\u00a0<br>Adresse web : www.ovh.com\u00a0<br>Adresse Postale : \u00a02 rue kellermann &#8211;\u00a0BP 80157 \u00a0-59053 ROUBAIX Cedex 1\u00a0<br>T\u00e9l\u00e9phone : +33 (0)8 203 203 63\u00a0<br>Adresse \u00e9lectronique (E-Mail) : support@ovh.com\u00a0<br>formulaire de communication \u00e0 suivre sur le site de \u00ab OVH \u00bb\u00a0<\/p>\n\n\n\n<p><\/p>\n","protected":false},"excerpt":{"rendered":"<p>La consultation de ce site internet suppose l\u2019acceptation sans r\u00e9serve des pr\u00e9sentes conditions d\u2019utilisation. IDENTIFICATION DE L&rsquo;\u00c9DITEUR DU SITE\u00a0 Raison sociale : Ga\u00eblle ANDRE \u2013 Reflexologue plantaire certifi\u00e9e\u00a0Adresse Postale : 33 bis Rue de la Mettrie &#8211; 35850 ROMILLE\u00a0T\u00e9l\u00e9phone : 06 65 41 30 18Adresse web : http:\/\/www.reflexologie-bzh.frAdresse \u00e9lectronique (E-Mail) : contact@reflexologie-bzh.frSiret : 530 876 &hellip; <\/p>\n<p class=\"link-more\"><a href=\"https:\/\/reflexologie-bzh.fr\/index.php\/mentions-legales\/\" class=\"more-link\">Lire la suite de<span class=\"screen-reader-text\">\u00ab\u00a0Mentions L\u00e9gales\u00a0\u00bb<\/span><\/a><\/p>\n","protected":false},"author":1,"featured_media":0,"parent":0,"menu_order":0,"comment_status":"closed","ping_status":"closed","template":"","meta":{"footnotes":""},"class_list":["post-129","page","type-page","status-publish","hentry"],"_links":{"self":[{"href":"https:\/\/reflexologie-bzh.fr\/index.php\/wp-json\/wp\/v2\/pages\/129","targetHints":{"allow":["GET"]}}],"collection":[{"href":"https:\/\/reflexologie-bzh.fr\/index.php\/wp-json\/wp\/v2\/pages"}],"about":[{"href":"https:\/\/reflexologie-bzh.fr\/index.php\/wp-json\/wp\/v2\/types\/page"}],"author":[{"embeddable":true,"href":"https:\/\/reflexologie-bzh.fr\/index.php\/wp-json\/wp\/v2\/users\/1"}],"replies":[{"embeddable":true,"href":"https:\/\/reflexologie-bzh.fr\/index.php\/wp-json\/wp\/v2\/comments?post=129"}],"version-history":[{"count":1,"href":"https:\/\/reflexologie-bzh.fr\/index.php\/wp-json\/wp\/v2\/pages\/129\/revisions"}],"predecessor-version":[{"id":130,"href":"https:\/\/reflexologie-bzh.fr\/index.php\/wp-json\/wp\/v2\/pages\/129\/revisions\/130"}],"wp:attachment":[{"href":"https:\/\/reflexologie-bzh.fr\/index.php\/wp-json\/wp\/v2\/media?parent=129"}],"curies":[{"name":"wp","href":"https:\/\/api.w.org\/{rel}","templated":true}]}}