{"id":162,"date":"2025-11-09T20:05:56","date_gmt":"2025-11-09T19:05:56","guid":{"rendered":"https:\/\/reflexologie-bzh.fr\/?page_id=162"},"modified":"2026-04-10T09:22:04","modified_gmt":"2026-04-10T08:22:04","slug":"tarifs","status":"publish","type":"page","link":"https:\/\/reflexologie-bzh.fr\/index.php\/tarifs\/","title":{"rendered":"Tarifs"},"content":{"rendered":"\n<h2 class=\"wp-block-heading has-secondary-color has-text-color has-link-color wp-elements-093dbef9a1846229ef7db65abe02705a\">R\u00e9flexologie<\/h2>\n\n\n\n<p><strong>R\u00e9flexologie Plantaire<\/strong> &#8211; 65 \u20ac \/ Adultes &amp; Adolescents &#8211; S\u00e9ance de 60 minutes<\/p>\n\n\n\n<p><strong>Cure R\u00e9flexologie Plantaire<\/strong> &#8211; 230 \u20ac \/ 4 s\u00e9ances de 60 minutes sur 4 semaines<\/p>\n\n\n\n<p><strong>Evasion<\/strong> &#8211; 95 \u20ac \/ Massage facial cr\u00e2nien combin\u00e9 avec r\u00e9flexologie plantaire &#8211; S\u00e9ance de 90 minutes<\/p>\n\n\n\n<p><strong>D\u00e9couverte de la r\u00e9flexologie Plantaire<\/strong> &#8211; 30 \u20ac &#8211; S\u00e9ance de 30 minutes<\/p>\n\n\n\n<h2 class=\"wp-block-heading has-secondary-color has-text-color has-link-color wp-elements-6fc01550135cc704075a9be72eb45422\">Hypnose<\/h2>\n\n\n\n<p><strong>Hypnose Suivi<\/strong> &#8211; 70 \u20ac \/ s\u00e9ance de 60 minutes<\/p>\n\n\n\n<p><strong>Programme Hypnose<\/strong>  (Programme Burn out\/D\u00e9pression -Programme compulsions alimentaires &#8211; Programme mincir)- 90 \u20ac \/ 1 s\u00e9ance de 60 minutes + 1 audio<\/p>\n\n\n\n<p><strong>Programme Arr\u00eat du Tabac<\/strong> &#8211; 220 \u20ac \/ 2 s\u00e9ances de 60 minutes + 2 audios<\/p>\n\n\n\n<h2 class=\"wp-block-heading has-secondary-color has-text-color has-link-color wp-elements-ab1eef23eea2dc54a14680175cb3f05c\">Autres Prestations<\/h2>\n\n\n\n<p><strong>Kin\u00e9siologie Educative<\/strong> &#8211; 65 \u20ac \/ S\u00e9ance de 60 minutes<\/p>\n\n\n\n<p><strong>EMDR<\/strong> &#8211; 70 \u20ac \/ S\u00e9ance de 60 minutes<\/p>\n\n\n\n<figure class=\"wp-block-image aligncenter size-large is-resized\"><img loading=\"lazy\" decoding=\"async\" width=\"766\" height=\"1024\" src=\"https:\/\/reflexologie-bzh.fr\/wp-content\/uploads\/2025\/11\/IMG_20230721_171855-766x1024.jpg\" alt=\"\" class=\"wp-image-163\" style=\"width:224px;height:auto\" srcset=\"https:\/\/reflexologie-bzh.fr\/wp-content\/uploads\/2025\/11\/IMG_20230721_171855-766x1024.jpg 766w, https:\/\/reflexologie-bzh.fr\/wp-content\/uploads\/2025\/11\/IMG_20230721_171855-224x300.jpg 224w, https:\/\/reflexologie-bzh.fr\/wp-content\/uploads\/2025\/11\/IMG_20230721_171855-2000x2674.jpg 2000w, https:\/\/reflexologie-bzh.fr\/wp-content\/uploads\/2025\/11\/IMG_20230721_171855-scaled.jpg 1915w\" sizes=\"auto, (max-width: 766px) 100vw, 766px\" \/><\/figure>\n\n\n\n<p><\/p>\n\n\n\n<div class=\"wp-block-columns is-layout-flex wp-container-core-columns-is-layout-28f84493 wp-block-columns-is-layout-flex\">\n<div class=\"wp-block-column is-layout-flow wp-block-column-is-layout-flow\"><\/div>\n\n\n\n<div class=\"wp-block-column is-layout-flow wp-block-column-is-layout-flow\"><\/div>\n<\/div>\n\n\n\n<h2 class=\"wp-block-heading\">Le CHEQUE CADEAU :<strong>&nbsp;UNE ID\u00c9E QUI VA PLAIRE !&nbsp;<\/strong><\/h2>\n\n\n\n<p>Profitez des f\u00eates (Saint Valentin, anniversaire, No\u00ebl, f\u00eates des m\u00e8res, f\u00eate des p\u00e8res, cadeau de naissance, d\u00e9part en retraite, etc..) pour prendre soin des personnes que vous aimez.&nbsp;Possibilit\u00e9 d&rsquo;avoir les ch\u00e8ques cadeaux par mail.<\/p>\n\n\n\n<h2 class=\"wp-block-heading has-tertiary-color has-text-color has-link-color wp-elements-568ecdd95d1dc1a27f2c0e9e784205de\"><strong>MOYENS DE PAIEMENT :<\/strong><\/h2>\n\n\n\n<p>Ch\u00e8que bancaire, esp\u00e8ces. Tout rendez-vous manqu\u00e9 et non annul\u00e9 48 heures avant sera factur\u00e9.<\/p>\n\n\n\n<p>La S\u00e9curit\u00e9 Sociale ne prend pas en charge le remboursement des th\u00e9rapies. Ce sont des th\u00e9rapies compl\u00e9mentaires et, \u00e0 ce titre, ne peut pas pr\u00e9tendre \u00e0 une indemnisation.&nbsp;Pour \u00eatre rembours\u00e9, je vous invite \u00e0 vous orienter vers votre mutuelle sant\u00e9. Les mutuelles sant\u00e9 sont de plus plus en plus nombreuses \u00e0 rembourser la R\u00e9flexologie &amp; l&rsquo;Hypnoth\u00e9rapie.<\/p>\n\n\n\n<div class=\"wp-block-buttons alignwide is-content-justification-center is-layout-flex wp-container-core-buttons-is-layout-a89b3969 wp-block-buttons-is-layout-flex\">\n<div class=\"wp-block-button\"><a class=\"wp-block-button__link wp-element-button\" href=\"https:\/\/www.gorendezvous.com\/gaelleandre?companyId=119536\">Prendre Rendez-Vous<\/a><\/div>\n<\/div>\n\n\n\n<p><\/p>\n","protected":false},"excerpt":{"rendered":"<p>R\u00e9flexologie R\u00e9flexologie Plantaire &#8211; 65 \u20ac \/ Adultes &amp; Adolescents &#8211; S\u00e9ance de 60 minutes Cure R\u00e9flexologie Plantaire &#8211; 230 \u20ac \/ 4 s\u00e9ances de 60 minutes sur 4 semaines Evasion &#8211; 95 \u20ac \/ Massage facial cr\u00e2nien combin\u00e9 avec r\u00e9flexologie plantaire &#8211; S\u00e9ance de 90 minutes D\u00e9couverte de la r\u00e9flexologie Plantaire &#8211; 30 \u20ac &hellip; <\/p>\n<p class=\"link-more\"><a href=\"https:\/\/reflexologie-bzh.fr\/index.php\/tarifs\/\" class=\"more-link\">Lire la suite de<span class=\"screen-reader-text\">\u00ab\u00a0Tarifs\u00a0\u00bb<\/span><\/a><\/p>\n","protected":false},"author":1,"featured_media":14,"parent":0,"menu_order":0,"comment_status":"closed","ping_status":"closed","template":"","meta":{"footnotes":""},"class_list":["post-162","page","type-page","status-publish","has-post-thumbnail","hentry"],"_links":{"self":[{"href":"https:\/\/reflexologie-bzh.fr\/index.php\/wp-json\/wp\/v2\/pages\/162","targetHints":{"allow":["GET"]}}],"collection":[{"href":"https:\/\/reflexologie-bzh.fr\/index.php\/wp-json\/wp\/v2\/pages"}],"about":[{"href":"https:\/\/reflexologie-bzh.fr\/index.php\/wp-json\/wp\/v2\/types\/page"}],"author":[{"embeddable":true,"href":"https:\/\/reflexologie-bzh.fr\/index.php\/wp-json\/wp\/v2\/users\/1"}],"replies":[{"embeddable":true,"href":"https:\/\/reflexologie-bzh.fr\/index.php\/wp-json\/wp\/v2\/comments?post=162"}],"version-history":[{"count":10,"href":"https:\/\/reflexologie-bzh.fr\/index.php\/wp-json\/wp\/v2\/pages\/162\/revisions"}],"predecessor-version":[{"id":238,"href":"https:\/\/reflexologie-bzh.fr\/index.php\/wp-json\/wp\/v2\/pages\/162\/revisions\/238"}],"wp:featuredmedia":[{"embeddable":true,"href":"https:\/\/reflexologie-bzh.fr\/index.php\/wp-json\/wp\/v2\/media\/14"}],"wp:attachment":[{"href":"https:\/\/reflexologie-bzh.fr\/index.php\/wp-json\/wp\/v2\/media?parent=162"}],"curies":[{"name":"wp","href":"https:\/\/api.w.org\/{rel}","templated":true}]}}