{"id":23,"date":"2025-11-09T14:32:31","date_gmt":"2025-11-09T14:32:31","guid":{"rendered":"https:\/\/reflexologie-bzh.fr\/?page_id=23"},"modified":"2026-04-10T09:24:02","modified_gmt":"2026-04-10T08:24:02","slug":"reflexologie","status":"publish","type":"page","link":"https:\/\/reflexologie-bzh.fr\/index.php\/reflexologie\/","title":{"rendered":"R\u00e9flexologie"},"content":{"rendered":"\n<h2 class=\"wp-block-heading has-secondary-color has-text-color has-link-color has-large-font-size wp-elements-d7a3563ec10a2e524c6ff1248b068b07\">R\u00e9flexologie Plantaire<\/h2>\n\n\n\n<p>La r\u00e9flexologie plantaire travaille sur l\u2019\u00e9quilibre des diff\u00e9rents syst\u00e8mes de notre corps.<br>Or, dans le syst\u00e8me hormonal du stress, tout est question d\u2019\u00e9quilibre ! Apr\u00e8s une r\u00e9flexologie compl\u00e8te et la mise en \u00e9vidence des zones \u00e0 r\u00e9\u00e9quilibrer, j\u2019adapte mon protocole.\u00a0<br>\u00a0<br>Il faut id\u00e9alement faire\u00a0<strong>une CURE (4 s\u00e9ances sur 4 semaines)<\/strong>, <strong>puis un suivi r\u00e9gulier tous les mois pour obtenir un meilleur r\u00e9sultat.<\/strong><\/p>\n\n\n\n<figure class=\"wp-block-image size-full is-resized\"><img loading=\"lazy\" decoding=\"async\" width=\"973\" height=\"733\" src=\"https:\/\/reflexologie-bzh.fr\/wp-content\/uploads\/2025\/11\/profil-du-pied.jpg\" alt=\"\" class=\"wp-image-32\" style=\"width:753px;height:auto\" srcset=\"https:\/\/reflexologie-bzh.fr\/wp-content\/uploads\/2025\/11\/profil-du-pied.jpg 973w, https:\/\/reflexologie-bzh.fr\/wp-content\/uploads\/2025\/11\/profil-du-pied-300x226.jpg 300w\" sizes=\"auto, (max-width: 973px) 100vw, 973px\" \/><\/figure>\n\n\n\n<h2 class=\"wp-block-heading has-secondary-color has-text-color has-link-color has-small-font-size wp-elements-d8934d3a8644b6e650b2317c2f9ebbdb\">CURE STRESS\/BURN-OUT<\/h2>\n\n\n\n<p>L\u2019influence du stress sur notre corps, ce n\u2019est pas juste dans la t\u00eate et pourtant les \u00e9puisements ne sont g\u00e9n\u00e9ralement soign\u00e9s que du point de vue psychique. Le stress occasionne beaucoup de d\u00e9g\u00e2ts \u00e0 notre corps en raison d\u2019un d\u00e9r\u00e8glement des hormones dites du stress.&nbsp;<\/p>\n\n\n\n<h2 class=\"wp-block-heading has-secondary-color has-text-color has-link-color has-small-font-size wp-elements-a7eb81136f28ac0fa6f942e00a531845\"><strong>CURE SOMMEIL<\/strong><\/h2>\n\n\n\n<p>Gr\u00e2ce aux 4 s\u00e9ances de r\u00e9flexologie vous retrouverez un rythme de vie harmonieux une meilleure synchronisation de votre horloge biologique. Apais\u00e9(e) et serein(e) vous tirerez profit de vos nuits !<\/p>\n\n\n\n<h2 class=\"wp-block-heading has-secondary-color has-text-color has-link-color has-small-font-size wp-elements-1e0a9a8e5614c31a65ab420c3c730241\"><strong>SUIVI MENSUEL<\/strong><\/h2>\n\n\n\n<p>Le suivi mensuel permet de faire des s\u00e9ances de curatif et pr\u00e9ventif.<\/p>\n\n\n\n<h2 class=\"wp-block-heading has-text-align-center has-tertiary-color has-text-color has-link-color has-small-font-size wp-elements-b13076396575a3c47b858e12807ad3ec\">Avis Clients<\/h2>\n\n\n\n<p><em>\u00ab\u00a0Je me suis sentie \u00e0 l&rsquo;aise tout au long de la s\u00e9ance, la praticienne est bien \u00e0 l&rsquo;\u00e9coute et ses gestes son assur\u00e9s. C&rsquo;est un instant qui permet d&rsquo;\u00eatre plus attentif \u00e0 soi et les effets sont font ressentir par la suite. J&rsquo;ai not\u00e9 un sommeil plus profond et r\u00e9parateur apr\u00e8s les s\u00e9ances et davantage de vitalit\u00e9\u00a0\u00bb. Isabelle &nbsp; &nbsp; &nbsp; &nbsp;<\/em><\/p>\n\n\n\n<p>\u00ab\u00a0<em>Ecoute, disponibilit\u00e9 et professionnalisme sont au rendez-vous. Mes s\u00e9ances avec Ga\u00eblle m&rsquo;ont permis de combattre une d\u00e9pression et d&rsquo;arr\u00eater les m\u00e9dicaments.\u00a0\u00bb. &nbsp;V\u00e9ronique<\/em><\/p>\n","protected":false},"excerpt":{"rendered":"<p>R\u00e9flexologie Plantaire La r\u00e9flexologie plantaire travaille sur l\u2019\u00e9quilibre des diff\u00e9rents syst\u00e8mes de notre corps.Or, dans le syst\u00e8me hormonal du stress, tout est question d\u2019\u00e9quilibre ! Apr\u00e8s une r\u00e9flexologie compl\u00e8te et la mise en \u00e9vidence des zones \u00e0 r\u00e9\u00e9quilibrer, j\u2019adapte mon protocole.\u00a0\u00a0Il faut id\u00e9alement faire\u00a0une CURE (4 s\u00e9ances sur 4 semaines), puis un suivi r\u00e9gulier tous &hellip; <\/p>\n<p class=\"link-more\"><a href=\"https:\/\/reflexologie-bzh.fr\/index.php\/reflexologie\/\" class=\"more-link\">Lire la suite de<span class=\"screen-reader-text\">\u00ab\u00a0R\u00e9flexologie\u00a0\u00bb<\/span><\/a><\/p>\n","protected":false},"author":1,"featured_media":14,"parent":0,"menu_order":0,"comment_status":"closed","ping_status":"closed","template":"","meta":{"footnotes":""},"class_list":["post-23","page","type-page","status-publish","has-post-thumbnail","hentry"],"_links":{"self":[{"href":"https:\/\/reflexologie-bzh.fr\/index.php\/wp-json\/wp\/v2\/pages\/23","targetHints":{"allow":["GET"]}}],"collection":[{"href":"https:\/\/reflexologie-bzh.fr\/index.php\/wp-json\/wp\/v2\/pages"}],"about":[{"href":"https:\/\/reflexologie-bzh.fr\/index.php\/wp-json\/wp\/v2\/types\/page"}],"author":[{"embeddable":true,"href":"https:\/\/reflexologie-bzh.fr\/index.php\/wp-json\/wp\/v2\/users\/1"}],"replies":[{"embeddable":true,"href":"https:\/\/reflexologie-bzh.fr\/index.php\/wp-json\/wp\/v2\/comments?post=23"}],"version-history":[{"count":5,"href":"https:\/\/reflexologie-bzh.fr\/index.php\/wp-json\/wp\/v2\/pages\/23\/revisions"}],"predecessor-version":[{"id":239,"href":"https:\/\/reflexologie-bzh.fr\/index.php\/wp-json\/wp\/v2\/pages\/23\/revisions\/239"}],"wp:featuredmedia":[{"embeddable":true,"href":"https:\/\/reflexologie-bzh.fr\/index.php\/wp-json\/wp\/v2\/media\/14"}],"wp:attachment":[{"href":"https:\/\/reflexologie-bzh.fr\/index.php\/wp-json\/wp\/v2\/media?parent=23"}],"curies":[{"name":"wp","href":"https:\/\/api.w.org\/{rel}","templated":true}]}}