{"id":39,"date":"2025-11-09T15:22:47","date_gmt":"2025-11-09T15:22:47","guid":{"rendered":"https:\/\/reflexologie-bzh.fr\/?page_id=39"},"modified":"2026-04-10T09:35:36","modified_gmt":"2026-04-10T08:35:36","slug":"hypnotherapie","status":"publish","type":"page","link":"https:\/\/reflexologie-bzh.fr\/index.php\/hypnotherapie\/","title":{"rendered":"Hypnoth\u00e9rapie"},"content":{"rendered":"\n<h2 class=\"wp-block-heading has-secondary-color has-text-color has-link-color has-large-font-size wp-elements-87a3a370d626399c0446359f0caa6c99\"><strong>L&rsquo;Hypnose&nbsp;<\/strong><\/h2>\n\n\n\n<p><strong>L&rsquo;hypnose Ericksonienne<\/strong>&nbsp;permet de traiter des troubles de comportements tels que les compulsions alimentaires, les addictions, les phobies, tocs &#8230; et des probl\u00e8mes de relations comme un deuil, une s\u00e9paration, une relation conflictuelle&#8230; &nbsp; &nbsp; &nbsp; &nbsp; &nbsp; &nbsp; &nbsp; &nbsp; &nbsp; &nbsp; &nbsp; &nbsp; &nbsp; &nbsp; &nbsp; &nbsp; &nbsp; &nbsp; &nbsp; &nbsp; &nbsp; &nbsp; &nbsp; &nbsp; &nbsp; &nbsp; &nbsp; &nbsp; &nbsp; &nbsp; &nbsp; &nbsp; &nbsp; &nbsp; &nbsp; &nbsp; &nbsp; &nbsp; &nbsp; &nbsp; &nbsp; &nbsp; &nbsp; &nbsp; &nbsp; &nbsp; &nbsp; &nbsp; &nbsp; &nbsp; &nbsp; &nbsp; &nbsp; &nbsp; &nbsp; &nbsp; &nbsp; &nbsp; &nbsp; &nbsp; &nbsp; &nbsp; &nbsp;  C&rsquo;est aussi un magnifique outil de d\u00e9veloppement personnel, pour gagner en confiance, acc\u00e9der \u00e0 des ressources pour modifier un \u00e9tat ou un savoir-\u00eatre, se lib\u00e9rer de traumatismes, de chocs psychologiques.<\/p>\n\n\n\n<figure class=\"wp-block-image aligncenter size-large is-resized\"><img loading=\"lazy\" decoding=\"async\" width=\"766\" height=\"1024\" src=\"https:\/\/reflexologie-bzh.fr\/wp-content\/uploads\/2025\/11\/IMG_20230724_113827-766x1024.jpg\" alt=\"\" class=\"wp-image-50\" style=\"width:378px;height:auto\" srcset=\"https:\/\/reflexologie-bzh.fr\/wp-content\/uploads\/2025\/11\/IMG_20230724_113827-766x1024.jpg 766w, https:\/\/reflexologie-bzh.fr\/wp-content\/uploads\/2025\/11\/IMG_20230724_113827-224x300.jpg 224w, https:\/\/reflexologie-bzh.fr\/wp-content\/uploads\/2025\/11\/IMG_20230724_113827-2000x2674.jpg 2000w, https:\/\/reflexologie-bzh.fr\/wp-content\/uploads\/2025\/11\/IMG_20230724_113827-scaled.jpg 1915w\" sizes=\"auto, (max-width: 766px) 100vw, 766px\" \/><\/figure>\n\n\n\n<h2 class=\"wp-block-heading has-secondary-color has-text-color has-link-color has-small-font-size wp-elements-4691f1e932a2914945f821d5c8b49f96\"><strong>HYPNOSE DE SUIVI<\/strong><\/h2>\n\n\n\n<p>Je vous propose des s\u00e9ances personnalis\u00e9es pour vous accompagner sur diff\u00e9rentes probl\u00e9matiques :&nbsp;<br>Stress, Angoisses, Panique, Phobies, Estime de soi, Confiance en soi, Prise de parole en public, Pr\u00e9parations aux examens\u2026<\/p>\n\n\n\n<p class=\"has-secondary-color has-text-color has-link-color has-small-font-size wp-elements-2f756f6689fd8b4ca9ba444de96baca2\"><strong>PROGRAMME BURNOUT \/ D\u00c9PRESSION<\/strong><\/p>\n\n\n\n<p>L&rsquo;<strong>hypnose<\/strong>&nbsp;pour surmonter le&nbsp;<strong>burn-out<\/strong>. C&rsquo;est un outil qui a \u00e9galement la facult\u00e9 de r\u00e9\u00e9quilibrer le syst\u00e8me nerveux, l&rsquo;\u00e9quilibre psychique, ce qui permet \u00e0 la personne de se sentir mieux, d&rsquo;\u00eatre moins fatigu\u00e9, et d&rsquo;avoir les ressources n\u00e9cessaires pour mieux affronter son stress.<\/p>\n\n\n\n<h2 class=\"wp-block-heading has-secondary-color has-text-color has-link-color has-small-font-size wp-elements-50b7f22998a8988127f0096a8788f0fa\"><strong>PROGRAMME COMPULSIONS ALIMENTAIRES\/GRIGNOTAGES<\/strong><\/h2>\n\n\n\n<p>Il est bien \u00e9vident que l\u2019on ne peut pas ais\u00e9ment esp\u00e9rer un r\u00e9sultat probant sur vos addictions alimentaires et votre poids en une seule fois !<br>Je vous propose<strong>&nbsp;un Programme en 3 S\u00e9ances<\/strong>&nbsp;seulement pour obtenir une modification de votre comportement face \u00e0 la nourriture.<br>3 S\u00e9ances en cabinet &#8211; avec 3 audios compl\u00e9mentaires<\/p>\n\n\n\n<h2 class=\"wp-block-heading has-secondary-color has-text-color has-link-color has-small-font-size wp-elements-e9f6fbd7b2bab4101654b9e551893178\"><strong>PROGRAMME PERTE&nbsp;DE&nbsp;POIDS&nbsp;<\/strong><\/h2>\n\n\n\n<p>Il est bien \u00e9vident que l\u2019on ne peut pas ais\u00e9ment esp\u00e9rer un r\u00e9sultat probant sur vos addictions alimentaires et votre poids en une seule fois !<br>Je vous propose<strong>&nbsp;un Programme en 4 s\u00e9ances&nbsp;<\/strong><\/p>\n\n\n\n<h2 class=\"wp-block-heading has-secondary-color has-text-color has-link-color has-small-font-size wp-elements-d7f56dfa507ca5a4ac09c45f8798e691\"><strong>PROGRAMME ARRET DU&nbsp;TABAC<\/strong><\/h2>\n\n\n\n<p>Je vous propose<strong>&nbsp;un Programme en 2 S\u00e9ances<\/strong>&nbsp;seulement pour arr\u00eater de fumer.<br>2 S\u00e9ances en cabinet &#8211; avec 2 audios compl\u00e9mentaires<\/p>\n\n\n\n<h2 class=\"wp-block-heading has-text-align-center has-tertiary-color has-text-color has-link-color has-small-font-size wp-elements-b13076396575a3c47b858e12807ad3ec\">Avis Clients<\/h2>\n\n\n\n<p class=\"has-text-align-left\"><em>\u00ab\u00a0J&rsquo;ai ressenti un fort sentiment de relaxation, pendant la s\u00e9ance et apr\u00e8s. J&rsquo;ai ressenti les premiers effets le soir m\u00eame. Au moment de diner, je n&rsquo;ai pas termin\u00e9 l&rsquo;assiette que j&rsquo;avais pr\u00e9par\u00e9, avec cette impression que mon estomac et mon cerveau \u00e9taient parfaitement synchronis\u00e9s\u00a0\u00bb.Sabrina<\/em><\/p>\n\n\n\n<p><\/p>\n\n\n\n<p><em>\u00ab\u00a0Une exp\u00e9rience exceptionnelle, avec le Programme j\u2019ai totalement arr\u00eat\u00e9 de manger du sucre, juste autoris\u00e9 le week-end.                                                       Prenez rendez-vous sans h\u00e9sitation !\u00a0\u00bb Bruno<\/em><\/p>\n\n\n\n<p><\/p>\n","protected":false},"excerpt":{"rendered":"<p>L&rsquo;Hypnose&nbsp; L&rsquo;hypnose Ericksonienne&nbsp;permet de traiter des troubles de comportements tels que les compulsions alimentaires, les addictions, les phobies, tocs &#8230; et des probl\u00e8mes de relations comme un deuil, une s\u00e9paration, une relation conflictuelle&#8230; &nbsp; &nbsp; &nbsp; &nbsp; &nbsp; &nbsp; &nbsp; &nbsp; &nbsp; &nbsp; &nbsp; &nbsp; &nbsp; &nbsp; &nbsp; &nbsp; &nbsp; &nbsp; &nbsp; &nbsp; &nbsp; &nbsp; &hellip; <\/p>\n<p class=\"link-more\"><a href=\"https:\/\/reflexologie-bzh.fr\/index.php\/hypnotherapie\/\" class=\"more-link\">Lire la suite de<span class=\"screen-reader-text\">\u00ab\u00a0Hypnoth\u00e9rapie\u00a0\u00bb<\/span><\/a><\/p>\n","protected":false},"author":1,"featured_media":14,"parent":0,"menu_order":0,"comment_status":"closed","ping_status":"closed","template":"","meta":{"footnotes":""},"class_list":["post-39","page","type-page","status-publish","has-post-thumbnail","hentry"],"_links":{"self":[{"href":"https:\/\/reflexologie-bzh.fr\/index.php\/wp-json\/wp\/v2\/pages\/39","targetHints":{"allow":["GET"]}}],"collection":[{"href":"https:\/\/reflexologie-bzh.fr\/index.php\/wp-json\/wp\/v2\/pages"}],"about":[{"href":"https:\/\/reflexologie-bzh.fr\/index.php\/wp-json\/wp\/v2\/types\/page"}],"author":[{"embeddable":true,"href":"https:\/\/reflexologie-bzh.fr\/index.php\/wp-json\/wp\/v2\/users\/1"}],"replies":[{"embeddable":true,"href":"https:\/\/reflexologie-bzh.fr\/index.php\/wp-json\/wp\/v2\/comments?post=39"}],"version-history":[{"count":19,"href":"https:\/\/reflexologie-bzh.fr\/index.php\/wp-json\/wp\/v2\/pages\/39\/revisions"}],"predecessor-version":[{"id":243,"href":"https:\/\/reflexologie-bzh.fr\/index.php\/wp-json\/wp\/v2\/pages\/39\/revisions\/243"}],"wp:featuredmedia":[{"embeddable":true,"href":"https:\/\/reflexologie-bzh.fr\/index.php\/wp-json\/wp\/v2\/media\/14"}],"wp:attachment":[{"href":"https:\/\/reflexologie-bzh.fr\/index.php\/wp-json\/wp\/v2\/media?parent=39"}],"curies":[{"name":"wp","href":"https:\/\/api.w.org\/{rel}","templated":true}]}}